{"id":127,"date":"2022-04-25T00:13:27","date_gmt":"2022-04-24T22:13:27","guid":{"rendered":"http:\/\/192.168.0.50\/wordpress\/?page_id=127"},"modified":"2022-04-25T00:13:27","modified_gmt":"2022-04-24T22:13:27","slug":"hebergement-payant","status":"publish","type":"page","link":"http:\/\/modsfarm-web.raidghost.com\/index.php\/hebergement-payant\/","title":{"rendered":"H\u00e9bergement payant"},"content":{"rendered":"\n<p class=\"has-small-font-size\">L&rsquo;h\u00e9bergement payant est la solution recommand\u00e9e par beaucoup de monde que ce soit les h\u00e9bergeurs professionnels comme les webmasters et pour cause leurs services est payant mais pas forc\u00e9ment cher pour ce que c&rsquo;est. Il y a plusieurs h\u00e9bergements. Les mutualis\u00e9s et les d\u00e9di\u00e9s. Ques-ce que c&rsquo;est? Un h\u00e9bergement mutualis\u00e9, est un serveur qui va h\u00e9berger plusieurs sites et\/ou contenus. C&rsquo;est le moins cher. A l&rsquo;inverse un serveur d\u00e9di\u00e9 ne va contenir qu&rsquo;un site, contenu ou autre. Lui il sera plus cher. Un server mutualis\u00e9 peut co\u00fbter \u00e0 partir de 1 \u00e0 3 euros par mois. Un serveur d\u00e9di\u00e9 peut co\u00fbter \u00e0 partir de 30 \u00e0 50 euros par mois. Ils sont utilis\u00e9s \u00e9galement comme des endroits de stockage distants, pour la sauvegarde, etc, &#8230; Certains sites sont tellement implorants, qu&rsquo;ils ont besoins ou du moins qu&rsquo;il est pr\u00e9f\u00e9rables qu&rsquo;ils aient un serveur d\u00e9di\u00e9. La plupart des sites sont donc sur des serveurs mutualis\u00e9s et ce sera probablement votre cas. Notez qu&rsquo;il n&rsquo;y a pas besoin de mettre forc\u00e9ment 15 euros par mois pour avoir un bon rapport qualit\u00e9\/prix. Tout d\u00e9pends des h\u00e9bergeur.<\/p>\n\n\n\n<h2 class=\"has-normal-font-size wp-block-heading\">Les inconv\u00e9nients:<\/h2>\n\n\n\n<p class=\"has-small-font-size\">Comme dit dans la page pr\u00e9c\u00e9dente, l&rsquo;h\u00e9bergement \u00e0 quelques inconv\u00e9nients. Le premier c&rsquo;est payant du moins dans la partie pr\u00e9sente. Le deuxi\u00e8me, Il n&rsquo;y a pas forc\u00e9ment les services ou prestations que l&rsquo;on a besoin. Apr\u00e8s Il y a des h\u00e9bergeurs de mauvaises qualit\u00e9s et d&rsquo;autres de bonnes qualit\u00e9s. Le troisi\u00e8me, si il y a un probl\u00e8me sur le serveur, on dois attendre que l&rsquo;h\u00e9bergeur r\u00e8gle celui-ci.<\/p>\n\n\n\n<h2 class=\"has-normal-font-size wp-block-heading\">Les avantages:<\/h2>\n\n\n\n<p class=\"has-small-font-size\">Comme dit \u00e9galement dans la page pr\u00e9c\u00e9dente, l&rsquo;h\u00e9bergement \u00e0 des avantages et pas qu&rsquo;un peu. Reprenons les inconv\u00e9nients cit\u00e9s ci-dessus. Le deuxi\u00e8me, les services propos\u00e9s varient suivant les h\u00e9bergeurs mais la plupart vont vous mettre \u00e0 disposition les services et prestations int\u00e9ressent(e)s tels que: base de donn\u00e9es, parfois envois de mail en PHP, les CMS (WordPresse, Joomla, etc, &#8230;), sous-domaines limit\u00e9s ou illimit\u00e9s, une ou plusieurs boites mails, et d&rsquo;autres encore. En fait tout d\u00e9pend de l&rsquo;h\u00e9bergeur et le cas \u00e9ch\u00e9ant, le pack que vous choisirai. Certains vous offre votre nom de domaine la premi\u00e8re ann\u00e9e, d&rsquo;autres vont vous faire une remise sur celui-ci. Quand au troisi\u00e8me inconv\u00e9nient, certes vous ne pourrez regarder ce qui cloche dans le serveur o\u00f9 est stock\u00e9 votre site mais votre h\u00e9bergeur est normalement bien \u00e9quip\u00e9 pour cela. De ce fait, quand un serveur plante, un autre prend le relais. De cette fa\u00e7on, qu&rsquo;une personne sois pr\u00e9sente sur place ou non, votre site reste accessible quel qu&rsquo;en soit l&rsquo;heure (sauf en cas de panne de courant ou d&rsquo;internet bien entendu). De plus, pour qu&rsquo;un site web soit accessible, le serveur qui l&rsquo;h\u00e9berge, doit rester allum\u00e9 h24. Ce qui veut dire facture d&rsquo;\u00e9lectricit\u00e9 moins cons\u00e9quente pour vous.<\/p>\n\n\n\n<h2 class=\"has-normal-font-size wp-block-heading\">Les services importants:<\/h2>\n\n\n\n<p class=\"has-small-font-size\">En plus de ce que nous venons de voir, les h\u00e9bergeurs mettent \u00e0 votre dispositions des services tr\u00e8s importants pour votre site web. Les certificats SSL et connections s\u00e9curis\u00e9e qui vont garantir la s\u00e9curit\u00e9 \u00e0 votre client ou futur client se produit est tr\u00e8s important surtout pour des sites tels que les e-commerce ou encore des sites qui vont demander des informations personnelles sur vos clients tels que son adresse postale, num\u00e9ro de t\u00e9l\u00e9phone, etc, &#8230; Le certificat va prouver \u00e0 votre client qu&rsquo;il est \u00e0 plus de 99% de chance d&rsquo;\u00eatre sur le bon serveur et non sur un site usurp\u00e9 ou qu&rsquo;il faut s&rsquo;en m\u00e9fier. Il y a aussi un point \u00e0 e pas n\u00e9gliger: la sauvegarde de vos donn\u00e9es. L\u00e0 il s&rsquo;agit des fichiers de votre site, pages web, images, vid\u00e9os, etc, &#8230; mais \u00e9galement de votre base de donn\u00e9es si vous en avez car c&rsquo;est l\u00e0 qu&rsquo;il y a par exemple les donn\u00e9es sur vos clients, l&rsquo;historique des commandes le cas \u00e9ch\u00e9ant, pour un forum les sujets, questions et r\u00e9ponses, etc, &#8230; sa il ne faut surcout pas le perdre \u00e0 cause d&rsquo;un serveur qui a plant\u00e9 ou qui a fallu remplacer. Votre h\u00e9bergeur va donc effectu\u00e9 ces sauvegardes de fa\u00e7ons r\u00e9guli\u00e8res. Apr\u00e8s il y les scan de virus, malwares, etc, &#8230; \u00e9galement de fa\u00e7ons r\u00e9guli\u00e8res. Ensuite il y le r\u00e9f\u00e9rencement. Quand un site est mis en ligne, les moteurs de recherche ne le connaissent pas. Il faut donc leurs dire que l&rsquo;on affiche un liens vers ce site quand le client va rentrer tels ou tels mot cl\u00e9s. Notez que ceci est souvent payant quand on le fait soi-m\u00eame qu&rsquo;avec un h\u00e9bergeur c&rsquo;est tr\u00e8s souvent compris dans la formule et votre site est souvent dans les 2 premi\u00e8res pages. Bien \u00e9videmment, vous avez un espace FTP pour envoyer vos fichiers web (pages, images, vid\u00e9os, etc, &#8230;) sur le serveur. D\u00e9j\u00e0 l\u00e0, le choix d&rsquo;un h\u00e9bergeur nous facilite la vie. Ensuite il y a la maintenance et l&rsquo;administration du serveur que nous n&rsquo;avons pas \u00e0 nous pr\u00e9occuper comme avoir une version d&rsquo;OS assez r\u00e9cente, \u00e0 jour et s\u00e9curis\u00e9. Le dernier point est le nom de domaine. Lorsque vous en r\u00e9servez un, vous \u00eates libre de changer d&rsquo;h\u00e9bergeur tout en gardant le m\u00eame nom de domaine. De plus c&rsquo;est votre h\u00e9bergeur qui se chargera de faire pointer l&rsquo;IP vers ses serveurs et ceux \u00e0 chaque changement de celle-ci.<\/p>\n\n\n\n<h2 class=\"has-normal-font-size wp-block-heading\">Les diff\u00e9rents packs:<\/h2>\n\n\n\n<p class=\"has-small-font-size\">La plupart des h\u00e9bergeurs proposent diff\u00e9rents packs. Quelles diff\u00e9rences? Encore une fois, tout d\u00e9pends des h\u00e9bergeurs. Souvent il s&rsquo;agit de la tailles d&rsquo;espace disques pour vos fichiers web, le nombre de bases de donn\u00e9es incluses, le cas \u00e9ch\u00e9ant, le nombre de sous-domaines ainsi que le nombre de boites mails et leurs capacit\u00e9. Certains h\u00e9bergeur, vous propose de choisir le serveur et\/ou son \u00e9quipement parmi ce qu&rsquo;il a en stock. Tout cela est \u00e0 prendre en compte pour faire votre choix sur le pack que vous allez prendre. Si vous ne connaissez pas votre trafic visiteurs, sachez qu&rsquo;il vaut mieux commencer par le pack qui en propose le moins et vous pourrez en cas de besoins \u00ab\u00a0upgrader\u00a0\u00bb celui-ci toujours en tenant compte des services et produits que votre site a besoins. Pour faire votre choix, il y a des h\u00e9bergeurs qui mettent une description sur leur packs. Celle-ci n&rsquo;est pas \u00e0 croire sur parole, mais cela peut bien vous aider dans votre choix. Les petits et moyens tels qu&rsquo;un site personnel, blog, forum, petites associations n&rsquo;auront pas besoins du dernier pack. Les sites plus grands et sp\u00e9cialis\u00e9s tels que r\u00e9seaux sociaux, e-commerce et parfois grandes associations auront plus besoins des derniers packs pour le trafic visiteur mais \u00e9galement pour le stockage des fichiers tels que images, factures, etc, &#8230; Il faut \u00e9galement v\u00e9rifier si l&rsquo;h\u00e9bergeur met \u00e0 votre disposition les fonctionnalit\u00e9s de paiements en ligne (pour les e-commerces, associations). De plus, n&rsquo;h\u00e9sitez surtout pas \u00e0 consulter les avis sur chaque h\u00e9bergeur. Ne vous fiez pas \u00e0 un seul d&rsquo;entre eux. Comparez en quelques un pour voir lequel correspondrai le mieux \u00e0 vos besoins.<\/p>\n\n\n\n<h2 class=\"has-normal-font-size wp-block-heading\">Conclusion:<\/h2>\n\n\n\n<p class=\"has-small-font-size\">Pour terminer, revoyons tous ce qui a \u00e9t\u00e9 dit dans les grandes lignes. Vous avez fait un site petit (personnel), moyen(blog, forum, association) ou sp\u00e9cialis\u00e9 (r\u00e9seau social, e-commerce) qui va \u00eatre visit\u00e9 par plus ou moins de monde. Vous pr\u00e9f\u00e9rez ne pas devoir vous charger de la maintenance, l&rsquo;administration, les sauvegardes, etc, &#8230; de votre serveur, il est pr\u00e9f\u00e9rable de passer par un h\u00e9bergeur payant.<\/p>\n\n\n\n<h2 class=\"has-normal-font-size wp-block-heading\">Quelques h\u00e9bergeurs connus:<\/h2>\n\n\n\n<p class=\"has-small-font-size\">Voici une liste non exausthive de quelques h\u00e9bergeurs web connus:<br><a href=\"https:\/\/www.planethoster.com\/fr\">planethoster.com<\/a>&nbsp;<a href=\"https:\/\/www.ovh.com\/fr\">ovh.com<\/a>&nbsp;<a href=\"https:\/\/www.gandi.net\/fr\">gandi.net<\/a>&nbsp;<a href=\"https:\/\/www.lws.fr\/\">lws.fr<\/a>&nbsp;<a href=\"https:\/\/www.ionos.fr\/\">ionos.fr(anciennement 1and1)<\/a><a href=\"http:\/\/modsfarm-web.raidghost.com\/presente-hebergement.php\"><\/a><\/p>\n","protected":false},"excerpt":{"rendered":"<p>L&rsquo;h\u00e9bergement payant est la solution recommand\u00e9e par beaucoup de monde que ce soit les h\u00e9bergeurs professionnels comme les webmasters et pour cause leurs services est payant mais pas forc\u00e9ment cher pour ce que c&rsquo;est. Il y a plusieurs h\u00e9bergements. Les mutualis\u00e9s et les d\u00e9di\u00e9s. Ques-ce que c&rsquo;est? Un h\u00e9bergement mutualis\u00e9, est un serveur qui va &hellip; <\/p>\n<p class=\"link-more\"><a href=\"http:\/\/modsfarm-web.raidghost.com\/index.php\/hebergement-payant\/\" class=\"more-link\">Continuer la lecture <span class=\"screen-reader-text\"> \u00ab\u00a0H\u00e9bergement payant\u00a0\u00bb<\/span><\/a><\/p>\n","protected":false},"author":1,"featured_media":0,"parent":0,"menu_order":0,"comment_status":"closed","ping_status":"closed","template":"","meta":{"footnotes":""},"class_list":["post-127","page","type-page","status-publish","hentry","entry"],"_links":{"self":[{"href":"http:\/\/modsfarm-web.raidghost.com\/index.php\/wp-json\/wp\/v2\/pages\/127","targetHints":{"allow":["GET"]}}],"collection":[{"href":"http:\/\/modsfarm-web.raidghost.com\/index.php\/wp-json\/wp\/v2\/pages"}],"about":[{"href":"http:\/\/modsfarm-web.raidghost.com\/index.php\/wp-json\/wp\/v2\/types\/page"}],"author":[{"embeddable":true,"href":"http:\/\/modsfarm-web.raidghost.com\/index.php\/wp-json\/wp\/v2\/users\/1"}],"replies":[{"embeddable":true,"href":"http:\/\/modsfarm-web.raidghost.com\/index.php\/wp-json\/wp\/v2\/comments?post=127"}],"version-history":[{"count":1,"href":"http:\/\/modsfarm-web.raidghost.com\/index.php\/wp-json\/wp\/v2\/pages\/127\/revisions"}],"predecessor-version":[{"id":128,"href":"http:\/\/modsfarm-web.raidghost.com\/index.php\/wp-json\/wp\/v2\/pages\/127\/revisions\/128"}],"wp:attachment":[{"href":"http:\/\/modsfarm-web.raidghost.com\/index.php\/wp-json\/wp\/v2\/media?parent=127"}],"curies":[{"name":"wp","href":"https:\/\/api.w.org\/{rel}","templated":true}]}}