{"id":129,"date":"2022-04-25T00:15:52","date_gmt":"2022-04-24T22:15:52","guid":{"rendered":"http:\/\/192.168.0.50\/wordpress\/?page_id=129"},"modified":"2022-04-25T00:15:52","modified_gmt":"2022-04-24T22:15:52","slug":"hebergement-gratuit","status":"publish","type":"page","link":"http:\/\/modsfarm-web.raidghost.com\/index.php\/hebergement-gratuit\/","title":{"rendered":"H\u00e9bergement gratuit"},"content":{"rendered":"\n<p class=\"has-small-font-size\">Contrairement \u00e0 ce que l&rsquo;on a pu vous dire, l&rsquo;h\u00e9bergement gratuit existe mais parfois suivant les h\u00e9bergeurs, celui-ci ne l&rsquo;est pas toujours. Certains imposent des publicit\u00e9s, d&rsquo;autres, sont payants \u00e0 la moindre consommation et certains sont 100% gratuits. Ce type d&rsquo;h\u00e9bergement est pratique quand on cr\u00e9er un site qui n&rsquo;int\u00e9ressera pas grand monde ou quand on a pas les moyens de payer un h\u00e9bergeur.\u00a0<strong>ATTENTION : La plupart n&rsquo;acceptent pas les sites en construction!<\/strong>\u00a0Vous l&rsquo;aurez compris, il faut donc bien choisir son h\u00e9bergeur gratuit si l&rsquo;on ne veut pas \u00eatre d\u00e9\u00e7us. Pour cela, commencez par bien lire les conditions d&rsquo;utilisations. Ce\u00a0<a href=\"https:\/\/www.hebergementweb.org\/\">comparateur<\/a>\u00a0pourrai vous aider \u00e0 trouver le votre.<\/p>\n\n\n\n<h2 class=\"has-normal-font-size wp-block-heading\">Les inconv\u00e9nients:<\/h2>\n\n\n\n<p class=\"has-small-font-size\">Contrairement aux h\u00e9bergeurs payants qui n&rsquo;avaient que trois principaux inconv\u00e9nients, les h\u00e9bergeurs gratuits en ont un peu plus et ceux-ci d\u00e9pendent de l&rsquo;h\u00e9bergeur. Parfois l&rsquo;h\u00e9bergeur gratuit peut vous offrir une place dans son serveur mais vous devrai payer un nom de domaine. D&rsquo;autres, peuvent vous facturer \u00e0 la consommation certains d\u00e8s la moindre visite sur votre site sera factur\u00e9e, d&rsquo;autres vont vous facturer \u00e0 partir d&rsquo;un certains seuil. Dans les deux cas cela pourrai devenir moins rentable qu&rsquo;un h\u00e9bergement payant. Des h\u00e9bergeurs pourraient vous mettre des publicit\u00e9s et d&rsquo;autres pourraient \u00eatre enti\u00e8rement gratuits. Certains filtre les clients qu&rsquo;ils acceptent. Cela peut \u00eatre une bonne chose. Il y a donc un tri \u00e0 faire entre ceux-l\u00e0.<\/p>\n\n\n\n<h2 class=\"has-normal-font-size wp-block-heading\">Les avantages:<\/h2>\n\n\n\n<p class=\"has-small-font-size\">Comme dit plus haut, certains filtre les clients par exemple sur la description. Cela peut \u00eatre une bonne comme une mauvaise chose. Dans le cas du filtre par la description, si un client ne la fait pas ou qu&rsquo;elle serai bacl\u00e9e, celui-ci sera refus\u00e9 donc de la place pour le v\u00f4tre. D&rsquo;autres n&rsquo;acceptent que les associations par exemple un bonne chose quand m\u00eame. Un autre avantage est le service quand il est gratuit totalement et non partiellement. Certains vous offre de bons services et produits pour un prix \u00e0 z\u00e9ro euros toutes taxes. Il y en a qui vous offres un sous-domaine ce qui vous \u00e9vite de r\u00e9server un nom de domaine.<\/p>\n\n\n\n<h2 class=\"has-normal-font-size wp-block-heading\">Les services importants:<\/h2>\n\n\n\n<p class=\"has-small-font-size\">Nous allons vous parler des services et produits importants dans le cadre d&rsquo;un h\u00e9bergement web. Encore une fois, tout d\u00e9pend de l&rsquo;h\u00e9bergeur mais la plupart ne l&rsquo;incluent pas ou alors c&rsquo;est en option suppl\u00e9mentaire donc payant. Il s&rsquo;agit des connections s\u00e9curis\u00e9es par les certificats SSL. Donc inutile d&rsquo;h\u00e9berger un site type e-commerce ou proposant toutes transactions bancaire chez un h\u00e9bergeur gratuit. Pour le r\u00e9f\u00e9rencement certains peuvent le facturer d&rsquo;autres vont vous r\u00e9f\u00e9rencer gratuitement mais votre site ne sera pas forc\u00e9ment dans la premi\u00e8re page des moteurs de recherche. Pour les bases de donn\u00e9es la plupart ne vont pas les facturer heureusement c&rsquo;est un des pilier de la majeure partie des sites. Et pour les CMS, il faudra vous renseigner aupr\u00e8s de l&rsquo;h\u00e9bergeur pour savoir si celui-ci vous en met en ou plusieurs \u00e0 disposition dans le cas ou vous en avez besoins bien entendu. Pour les sauvegardes, la plupart des h\u00e9bergeurs vont en effectuer mais l&rsquo;intervalle entre-elles, peut varier suivant les h\u00e9bergeurs. Bien \u00e9videmment, vous avez un espace FTP pour envoyer vos fichiers web (pages, images, vid\u00e9os, etc, &#8230;) sur le serveur tout comme un h\u00e9bergeur payant.<\/p>\n\n\n\n<h2 class=\"has-normal-font-size wp-block-heading\">Conclusion:<\/h2>\n\n\n\n<p class=\"has-small-font-size\">Pour terminer, revoyons tous ce qui a \u00e9t\u00e9 dit dans les grandes lignes. Vous avez fait un site pour vous pr\u00e9senter vous, votre passion ou votre association par exemple et celui-ci ne requiert pas de fonctionnalit\u00e9s de paiement en ligne et de trafic visiteur trop important. Vous ne voyez donc pas pourquoi payer un h\u00e9bergeur pour si peu. Vous pr\u00e9f\u00e9rez \u00e9galement ne pas devoir vous charger de la maintenance, l&rsquo;administration, les sauvegardes, etc, &#8230; de votre serveur, il est pr\u00e9f\u00e9rable de passer par un h\u00e9bergeur 100% gratuit.<\/p>\n\n\n\n<h2 class=\"has-normal-font-size wp-block-heading\">Quelques h\u00e9bergeurs gratuits:<\/h2>\n\n\n\n<p class=\"has-small-font-size\">Voici une liste non exhaustive de quelques h\u00e9bergeurs web gratuits:<br><a href=\"https:\/\/www.raidghost.com\/\">raidghost.com<\/a>\u00a0<a href=\"https:\/\/subscribe.free.fr\/accesgratuit\/\">free.fr<\/a>\u00a0avec ses comptes acc\u00e8s libres pour les non clients.\u00a0<a href=\"https:\/\/www.hostinger.fr\/hebergement-gratuit\">hostinger<\/a><\/p>\n","protected":false},"excerpt":{"rendered":"<p>Contrairement \u00e0 ce que l&rsquo;on a pu vous dire, l&rsquo;h\u00e9bergement gratuit existe mais parfois suivant les h\u00e9bergeurs, celui-ci ne l&rsquo;est pas toujours. Certains imposent des publicit\u00e9s, d&rsquo;autres, sont payants \u00e0 la moindre consommation et certains sont 100% gratuits. Ce type d&rsquo;h\u00e9bergement est pratique quand on cr\u00e9er un site qui n&rsquo;int\u00e9ressera pas grand monde ou quand &hellip; <\/p>\n<p class=\"link-more\"><a href=\"http:\/\/modsfarm-web.raidghost.com\/index.php\/hebergement-gratuit\/\" class=\"more-link\">Continuer la lecture <span class=\"screen-reader-text\"> \u00ab\u00a0H\u00e9bergement gratuit\u00a0\u00bb<\/span><\/a><\/p>\n","protected":false},"author":1,"featured_media":0,"parent":0,"menu_order":0,"comment_status":"closed","ping_status":"closed","template":"","meta":{"footnotes":""},"class_list":["post-129","page","type-page","status-publish","hentry","entry"],"_links":{"self":[{"href":"http:\/\/modsfarm-web.raidghost.com\/index.php\/wp-json\/wp\/v2\/pages\/129","targetHints":{"allow":["GET"]}}],"collection":[{"href":"http:\/\/modsfarm-web.raidghost.com\/index.php\/wp-json\/wp\/v2\/pages"}],"about":[{"href":"http:\/\/modsfarm-web.raidghost.com\/index.php\/wp-json\/wp\/v2\/types\/page"}],"author":[{"embeddable":true,"href":"http:\/\/modsfarm-web.raidghost.com\/index.php\/wp-json\/wp\/v2\/users\/1"}],"replies":[{"embeddable":true,"href":"http:\/\/modsfarm-web.raidghost.com\/index.php\/wp-json\/wp\/v2\/comments?post=129"}],"version-history":[{"count":1,"href":"http:\/\/modsfarm-web.raidghost.com\/index.php\/wp-json\/wp\/v2\/pages\/129\/revisions"}],"predecessor-version":[{"id":130,"href":"http:\/\/modsfarm-web.raidghost.com\/index.php\/wp-json\/wp\/v2\/pages\/129\/revisions\/130"}],"wp:attachment":[{"href":"http:\/\/modsfarm-web.raidghost.com\/index.php\/wp-json\/wp\/v2\/media?parent=129"}],"curies":[{"name":"wp","href":"https:\/\/api.w.org\/{rel}","templated":true}]}}