{"id":19,"date":"2022-04-23T23:21:13","date_gmt":"2022-04-23T21:21:13","guid":{"rendered":"http:\/\/modsfarm-web.raidghost.com\/?page_id=19"},"modified":"2022-04-23T23:23:17","modified_gmt":"2022-04-23T21:23:17","slug":"page-daccueil","status":"publish","type":"page","link":"http:\/\/modsfarm-web.raidghost.com\/","title":{"rendered":"MODSFARM-WEB"},"content":{"rendered":"\n<h2 class=\"has-normal-font-size wp-block-heading\">Qu&rsquo;allez vous trouver sur modsfarm-web?<\/h2>\n\n\n\n<p class=\"has-small-font-size\">Vous cherchez \u00e0 heberger un site web chez vous ou pour des utilisations en locale et s\u00e9curis\u00e9e depuis les d\u00e9p\u00f4ts officiels de votre distribution? Une base de donn\u00e9es seule pour toutes utilisations? Nous proposons diff\u00e9rents tutoriels sous linux mis \u00e0 jour r\u00e9guli\u00e8rement, tels que installer et configurer un serveur web, installer php et des extensions, une base de donn\u00e9es et un serveur FTP. Et ceux principalement sur des distributions Debian et ses d\u00e9riv\u00e9es et Fedora. Vous verrez \u00e9galement les trois types d&rsquo;h\u00e9bergements qui existent et quels sont leurs avantages et inconv\u00e9nients afin de vous aider au mieux dans votre choix.<\/p>\n","protected":false},"excerpt":{"rendered":"<p>Qu&rsquo;allez vous trouver sur modsfarm-web? Vous cherchez \u00e0 heberger un site web chez vous ou pour des utilisations en locale et s\u00e9curis\u00e9e depuis les d\u00e9p\u00f4ts officiels de votre distribution? Une base de donn\u00e9es seule pour toutes utilisations? Nous proposons diff\u00e9rents tutoriels sous linux mis \u00e0 jour r\u00e9guli\u00e8rement, tels que installer et configurer un serveur web, &hellip; <\/p>\n<p class=\"link-more\"><a href=\"http:\/\/modsfarm-web.raidghost.com\/\" class=\"more-link\">Continuer la lecture <span class=\"screen-reader-text\"> \u00ab\u00a0MODSFARM-WEB\u00a0\u00bb<\/span><\/a><\/p>\n","protected":false},"author":1,"featured_media":0,"parent":0,"menu_order":0,"comment_status":"closed","ping_status":"closed","template":"","meta":{"footnotes":""},"class_list":["post-19","page","type-page","status-publish","hentry","entry"],"_links":{"self":[{"href":"http:\/\/modsfarm-web.raidghost.com\/index.php\/wp-json\/wp\/v2\/pages\/19","targetHints":{"allow":["GET"]}}],"collection":[{"href":"http:\/\/modsfarm-web.raidghost.com\/index.php\/wp-json\/wp\/v2\/pages"}],"about":[{"href":"http:\/\/modsfarm-web.raidghost.com\/index.php\/wp-json\/wp\/v2\/types\/page"}],"author":[{"embeddable":true,"href":"http:\/\/modsfarm-web.raidghost.com\/index.php\/wp-json\/wp\/v2\/users\/1"}],"replies":[{"embeddable":true,"href":"http:\/\/modsfarm-web.raidghost.com\/index.php\/wp-json\/wp\/v2\/comments?post=19"}],"version-history":[{"count":4,"href":"http:\/\/modsfarm-web.raidghost.com\/index.php\/wp-json\/wp\/v2\/pages\/19\/revisions"}],"predecessor-version":[{"id":25,"href":"http:\/\/modsfarm-web.raidghost.com\/index.php\/wp-json\/wp\/v2\/pages\/19\/revisions\/25"}],"wp:attachment":[{"href":"http:\/\/modsfarm-web.raidghost.com\/index.php\/wp-json\/wp\/v2\/media?parent=19"}],"curies":[{"name":"wp","href":"https:\/\/api.w.org\/{rel}","templated":true}]}}