{"id":26,"date":"2022-04-23T23:26:07","date_gmt":"2022-04-23T21:26:07","guid":{"rendered":"http:\/\/192.168.0.50\/wordpress\/?page_id=26"},"modified":"2022-04-23T23:49:15","modified_gmt":"2022-04-23T21:49:15","slug":"le-serveur-web","status":"publish","type":"page","link":"http:\/\/modsfarm-web.raidghost.com\/index.php\/le-serveur-web\/","title":{"rendered":"Pr\u00e9sentation du serveur Web"},"content":{"rendered":"\n<h2 class=\"has-normal-font-size wp-block-heading\">Description :<\/h2>\n\n\n\n<p class=\"has-small-font-size\">Qu&rsquo;est-ce qu&rsquo;un serveur web? Un serveur web est l&rsquo;\u00e9l\u00e9ment principale pour h\u00e9berger des sites ou faire des essais de ceux-ci en local. C&rsquo;est l\u00e0 que vont se connecter les PC de vos clients une fois qu&rsquo;ils auront renseigner le nom de domaine de votre site dans leur navigateur.<\/p>\n\n\n\n<h2 class=\"has-normal-font-size wp-block-heading\">Qu&rsquo;existe t&rsquo;il comme serveur web?<\/h2>\n\n\n\n<p class=\"has-small-font-size\">Il existe diff\u00e9rents serveur web. Les plus connus, gratuits et simple d&rsquo;utilisation sont les suivants:<br>Apache avec ~ 43% d&rsquo;utilisations. C&rsquo;est un des serveurs web les plus populaires open-sources<br>Nginx avec ~ 41% d&rsquo;uilisations. C&rsquo;est \u00e9galement un des serveurs web les plus populaires open-sources. Celui-ci se prononce comme tel: Nginix<br>Lighttpd Un serveur web tr\u00e8s bien connu avec un pourcentage moins \u00e9lev\u00e9 que les deux pr\u00e9sent\u00e9s pr\u00e9c\u00e9demment.<\/p>\n\n\n\n<p class=\"has-small-font-size\">Notez qu&rsquo;il existe \u00e9galement des serveurs Apache, php, mysql ensemble pr\u00eat \u00e0 l&#8217;emploi, tels que Xampp, Wampp, Easyphp, etc, &#8230; mais il s&rsquo;av\u00e8re que ceux-ci ne sont pas s\u00e9curis\u00e9s. Vous pouvez les utilis\u00e9s \u00e0 des fins local pour vos essais web, mais \u00e0 ne\u00a0<strong>SURTOUT PAS<\/strong>\u00a0utiliser pour de l&rsquo;h\u00e9bergement sauf \u00e0 la rigueur de l&rsquo;h\u00e9bergement interne uniquement (non accessible depuis l&rsquo;ext\u00e9rieur de votre connexion internet).<\/p>\n\n\n\n<h2 class=\"has-normal-font-size wp-block-heading\">Quelles particularit\u00e9s ont ces serveurs ?<\/h2>\n\n\n\n<p class=\"has-small-font-size\">Il y a quelques diff\u00e9rences entre ces diff\u00e9rents serveurs. Apache et Nginx sont quasiment pareils si ce n&rsquo;est que de la fa\u00e7ons ou ils sont configur\u00e9s. Contrairement \u00e0 Apache, Lighttpd, on revanche, lui est moins gourmand au niveau ressources. De ce fait, celui-ci, pourra parfaitement aussi bien fonctionner sur des anciens PC ou de r\u00e9cup\u00e9ration par exemple, sur des PC r\u00e9cent, mais \u00e9galement des mini PC tels que le\u00a0<a href=\"https:\/\/www.raspberrypi.org\/\">Raspberry PI<\/a>\u00a0N\u00e9anmoins, celui-ci \u00e0 un inconv\u00e9nient. Il ne prend pas e charge les fichiers .htacces<\/p>\n","protected":false},"excerpt":{"rendered":"<p>Description : Qu&rsquo;est-ce qu&rsquo;un serveur web? Un serveur web est l&rsquo;\u00e9l\u00e9ment principale pour h\u00e9berger des sites ou faire des essais de ceux-ci en local. C&rsquo;est l\u00e0 que vont se connecter les PC de vos clients une fois qu&rsquo;ils auront renseigner le nom de domaine de votre site dans leur navigateur. Qu&rsquo;existe t&rsquo;il comme serveur web? &hellip; <\/p>\n<p class=\"link-more\"><a href=\"http:\/\/modsfarm-web.raidghost.com\/index.php\/le-serveur-web\/\" class=\"more-link\">Continuer la lecture <span class=\"screen-reader-text\"> \u00ab\u00a0Pr\u00e9sentation du serveur Web\u00a0\u00bb<\/span><\/a><\/p>\n","protected":false},"author":1,"featured_media":0,"parent":0,"menu_order":0,"comment_status":"closed","ping_status":"closed","template":"","meta":{"footnotes":""},"class_list":["post-26","page","type-page","status-publish","hentry","entry"],"_links":{"self":[{"href":"http:\/\/modsfarm-web.raidghost.com\/index.php\/wp-json\/wp\/v2\/pages\/26","targetHints":{"allow":["GET"]}}],"collection":[{"href":"http:\/\/modsfarm-web.raidghost.com\/index.php\/wp-json\/wp\/v2\/pages"}],"about":[{"href":"http:\/\/modsfarm-web.raidghost.com\/index.php\/wp-json\/wp\/v2\/types\/page"}],"author":[{"embeddable":true,"href":"http:\/\/modsfarm-web.raidghost.com\/index.php\/wp-json\/wp\/v2\/users\/1"}],"replies":[{"embeddable":true,"href":"http:\/\/modsfarm-web.raidghost.com\/index.php\/wp-json\/wp\/v2\/comments?post=26"}],"version-history":[{"count":6,"href":"http:\/\/modsfarm-web.raidghost.com\/index.php\/wp-json\/wp\/v2\/pages\/26\/revisions"}],"predecessor-version":[{"id":49,"href":"http:\/\/modsfarm-web.raidghost.com\/index.php\/wp-json\/wp\/v2\/pages\/26\/revisions\/49"}],"wp:attachment":[{"href":"http:\/\/modsfarm-web.raidghost.com\/index.php\/wp-json\/wp\/v2\/media?parent=26"}],"curies":[{"name":"wp","href":"https:\/\/api.w.org\/{rel}","templated":true}]}}