{"id":72,"date":"2022-04-24T00:11:23","date_gmt":"2022-04-23T22:11:23","guid":{"rendered":"http:\/\/192.168.0.50\/wordpress\/?page_id=72"},"modified":"2022-04-24T00:14:08","modified_gmt":"2022-04-23T22:14:08","slug":"installation-de-php","status":"publish","type":"page","link":"http:\/\/modsfarm-web.raidghost.com\/index.php\/installation-de-php\/","title":{"rendered":"Installation de PHP"},"content":{"rendered":"\n<p class=\"has-small-font-size\">Afin de pouvroi bien lire nos codes php et surtout de pourvoir dialoguer avec nos bases de donn\u00e9es, il nous faut installer php et les drivers de connection \u00e0 la base de donn\u00e9es pour php. Commen\u00e7ons par installer php avec la commande suivante:<\/p>\n\n\n\n<h2 class=\"has-normal-font-size wp-block-heading\">Sous Debian et ses d\u00e9riv\u00e9es:<\/h2>\n\n\n\n<pre class=\"wp-block-code has-light-gray-background-color has-background\"><code>sudo apt-get install php7.x<\/code><\/pre>\n\n\n\n<p class=\"has-small-font-size\"><br>x correspond \u00e0 la version de php disponible. Sous Debian 10 Buster il y a les versions 7.1, 7.2 et 7.3 de disponible. Installez parmis les versions disponible celle que vous souhaitez.<\/p>\n\n\n\n<h2 class=\"has-normal-font-size wp-block-heading\">Sous Fedora:<\/h2>\n\n\n\n<pre class=\"wp-block-code has-light-gray-background-color has-background\"><code>sudo dnf install php php-fpm<\/code><\/pre>\n\n\n\n<p class=\"has-small-font-size\">Une fois install\u00e9s, il nous faut installer le driver de connection \u00e0 la base de donn\u00e9es pour php. Voici la commande pour le driver de connection \u00e0 mariadb\/mysql:<\/p>\n\n\n\n<pre class=\"wp-block-code has-light-gray-background-color has-background\"><code><strong>Sous Debian:<\/strong>\r\nsudo apt-get install php7.x-mysql\r\n\r\n<strong>Sous Fedora:<\/strong>\r\nsudo dnf install php-mysqlnd\r<\/code><\/pre>\n\n\n\n<p>Pour postgresql:<\/p>\n\n\n\n<pre class=\"wp-block-code has-light-gray-background-color has-background\"><code>\r<strong>Sous Debian:<\/strong>\nsudo apt-get install php7.x-pgsql\r\n\r\n<strong>Sous Fedora:<\/strong>\r\nsudo dnf install php-pgsql\r<\/code><\/pre>\n\n\n\n<p class=\"has-small-font-size\">Notez qu&rsquo;il y a des drivers pour les autres bases de donn\u00e9es comme SQLite, Oracle, etc, &#8230; dans les d\u00e9p\u00f4ts. Une fois que php et les extension souhait\u00e9s sont install\u00e9es, red\u00e9marrez le service apache pour que les modifications soient prises en compte. A partir de l\u00e0, votre serveur est assez configur\u00e9 pour pouvoir \u00eatre mis en ligne. Il pourra \u00e9galement int\u00e9rragir avec une base de donn\u00e9es. Ce serveur peut vous servir pour vos essais web mais \u00e9galement pour heberger votre ou vos sites.<\/p>\n","protected":false},"excerpt":{"rendered":"<p>Afin de pouvroi bien lire nos codes php et surtout de pourvoir dialoguer avec nos bases de donn\u00e9es, il nous faut installer php et les drivers de connection \u00e0 la base de donn\u00e9es pour php. Commen\u00e7ons par installer php avec la commande suivante: Sous Debian et ses d\u00e9riv\u00e9es: x correspond \u00e0 la version de php &hellip; <\/p>\n<p class=\"link-more\"><a href=\"http:\/\/modsfarm-web.raidghost.com\/index.php\/installation-de-php\/\" class=\"more-link\">Continuer la lecture <span class=\"screen-reader-text\"> \u00ab\u00a0Installation de PHP\u00a0\u00bb<\/span><\/a><\/p>\n","protected":false},"author":1,"featured_media":0,"parent":0,"menu_order":0,"comment_status":"closed","ping_status":"closed","template":"","meta":{"footnotes":""},"class_list":["post-72","page","type-page","status-publish","hentry","entry"],"_links":{"self":[{"href":"http:\/\/modsfarm-web.raidghost.com\/index.php\/wp-json\/wp\/v2\/pages\/72","targetHints":{"allow":["GET"]}}],"collection":[{"href":"http:\/\/modsfarm-web.raidghost.com\/index.php\/wp-json\/wp\/v2\/pages"}],"about":[{"href":"http:\/\/modsfarm-web.raidghost.com\/index.php\/wp-json\/wp\/v2\/types\/page"}],"author":[{"embeddable":true,"href":"http:\/\/modsfarm-web.raidghost.com\/index.php\/wp-json\/wp\/v2\/users\/1"}],"replies":[{"embeddable":true,"href":"http:\/\/modsfarm-web.raidghost.com\/index.php\/wp-json\/wp\/v2\/comments?post=72"}],"version-history":[{"count":3,"href":"http:\/\/modsfarm-web.raidghost.com\/index.php\/wp-json\/wp\/v2\/pages\/72\/revisions"}],"predecessor-version":[{"id":75,"href":"http:\/\/modsfarm-web.raidghost.com\/index.php\/wp-json\/wp\/v2\/pages\/72\/revisions\/75"}],"wp:attachment":[{"href":"http:\/\/modsfarm-web.raidghost.com\/index.php\/wp-json\/wp\/v2\/media?parent=72"}],"curies":[{"name":"wp","href":"https:\/\/api.w.org\/{rel}","templated":true}]}}